{"id":32,"date":"2020-09-11T07:02:46","date_gmt":"2020-09-11T07:02:46","guid":{"rendered":"https:\/\/lia.life\/?page_id=32"},"modified":"2025-12-12T15:03:32","modified_gmt":"2025-12-12T15:03:32","slug":"galerie","status":"publish","type":"page","link":"https:\/\/lia.life\/?page_id=32","title":{"rendered":"Aktuelles"},"content":{"rendered":"\n<p><strong>NEU 09.12.2025:<\/strong><\/p>\n\n\n\n<p>Gavalohori, 09.12.25<\/p>\n\n\n\n<p>Liebe Lianen und Ineressierte,<\/p>\n\n\n\n<p>Wir w\u00fcnschen euch allen ein sch\u00f6nes Weihnachtsfest und ein gesundes Neues Jahr.<br>Dieses Jahr ging wieder so schnell vorbei.<br>Voll mit Konzerten, Lesungen, Wanderungen und Ausfl\u00fcgen in kleiner oder gr\u00f6sserer Gemeinschaft.<br>H\u00f6hepunkte waren f\u00fcr uns u.a.<\/p>\n\n\n\n<blockquote class=\"wp-block-quote is-layout-flow wp-block-quote-is-layout-flow\">\n<p>die Besteigung des Pachnes mit \u00dcbernachtung in Anopoli<br>Boriano Schlucht<\/p>\n\n\n\n<p>Konzert in der Festung Koules mit Maria Manousaki<br>Candlelight Concerte in Chania mit Melos Quartett<br>Konzert von Espen Berg Trio in Chania<br>Konzert von Eleana Pitzikaki in Rethymnon<\/p>\n\n\n\n<p>Garten Konzerte bei Lianen mit z.B. mit Blue Reflection<br>Krimi Lesung<br>Oktoberfest<br>Europa Fest in Herethiana<br>Nikolaus Fest<\/p>\n<\/blockquote>\n\n\n\n<p>Und vieles mehr. Wir k\u00f6nnen nicht alles aufz\u00e4hlen.<br>Daneben gibt es Sprachunterricht, Yoga, Gr. T\u00e4nze, Tai Chi, und T\u00f6pfern.<br>Vor allem aber eine funtionierende Gemeinschaft, die keiner von uns so aus Deutschland kennt. <br>Und wir arbeiten weiter an der Idee des gemeinsamen Wohnens, um uns im Alter noch besser unterst\u00fctzen zu k\u00f6nnen.<br>Wie sagte erst k\u00fcrzlich Klaus: Kreta ist jetzt meine Heimat, ich brauche nichts anderes mehr.<br>Die Idee L.I.A. lebt<\/p>\n\n\n\n<p>Wer sich angesprochen f\u00fchlt, kann sich gerne mit uns in Verbindung setzen.<br>Kalo Ximona, guten Winter w\u00fcnschen wir allen Lesern.<\/p>\n\n\n\n<p>Gaby Dugonics &amp; Karl Heinz Babatschek<\/p>\n\n\n<div class=\"eg-masonary-wrap eg-wrap  eg-masonary-layout-2 \"\n     data-desktop-column=\"3\"\n     data-tablet-column=\"3\"\n     data-mobile-column=\"3\"\n     data-lightbox-type=\"pretty_photo\"\n              data-pretty_photo-theme =\"pp_default\"\n         data-pretty_photo-social =\"false\"\n          data-gallery-id=\"HSauoUTRHd\"\n     data-lightbox-status=\"true\"\n          >\n\n    <div class=\"eg-masonary-items-wrap\" data-masonary-id=\"HSauoUTRHd\">\n        <div class=\"eg-each-item eg-no-hover \" data-eg-item-key=\"eg_item_UAbajlPEMhVE5L1\">\r\n        <div class=\"eg-masonary-padding\">\r\n        <div class=\"eg-overlay-wrapper\">\r\n\r\n            <a href=\"https:\/\/lia.life\/wp-content\/uploads\/2025\/12\/Askifou-2.1.24-2.jpg\"\r\n               data-lightbox-type=\"pretty_photo\"\r\n               rel=\"prettyPhoto[gallery_3]\"\r\n               title=\"\"\r\n               data-item-type=\"image\"\r\n               data-index=\"1\"\r\n               data-total-items=\"12\"\r\n               >\r\n                <img decoding=\"async\" src=\"https:\/\/lia.life\/wp-content\/uploads\/2025\/12\/Askifou-2.1.24-2.jpg\" alt=\"Askifou 2.1.24 (2)\"\/>\r\n            <\/a>\r\n            <div class=\"eg-mask\">\r\n                <div class=\"eg-inner-wrapper\">\r\n                    <div class=\"eg-content-holder\">\r\n        <\/div>                <\/div>\r\n                <span class=\"add\" style=\"display: none\">\r\n                    <i class=\"fa fa-plus\"><\/i>\r\n                <\/span>\r\n                            <\/div>\r\n            <div class=\"slider-overlay\"><\/div>\r\n                    <\/div>\r\n            <\/div>\r\n\r\n\r\n<\/div>\n                <div class=\"eg-each-item eg-no-hover \" data-eg-item-key=\"eg_item_U8D45JcekDhEexe\">\r\n        <div class=\"eg-masonary-padding\">\r\n        <div class=\"eg-overlay-wrapper\">\r\n\r\n            <a href=\"https:\/\/lia.life\/wp-content\/uploads\/2025\/12\/Askifou-2.1.24-7.jpg\"\r\n               data-lightbox-type=\"pretty_photo\"\r\n               rel=\"prettyPhoto[gallery_3]\"\r\n               title=\"\"\r\n               data-item-type=\"image\"\r\n               data-index=\"2\"\r\n               data-total-items=\"12\"\r\n               >\r\n                <img decoding=\"async\" src=\"https:\/\/lia.life\/wp-content\/uploads\/2025\/12\/Askifou-2.1.24-7.jpg\" alt=\"Askifou 2.1.24 (7)\"\/>\r\n            <\/a>\r\n            <div class=\"eg-mask\">\r\n                <div class=\"eg-inner-wrapper\">\r\n                    <div class=\"eg-content-holder\">\r\n        <\/div>                <\/div>\r\n                <span class=\"add\" style=\"display: none\">\r\n                    <i class=\"fa fa-plus\"><\/i>\r\n                <\/span>\r\n                            <\/div>\r\n            <div class=\"slider-overlay\"><\/div>\r\n                    <\/div>\r\n            <\/div>\r\n\r\n\r\n<\/div>\n                <div class=\"eg-each-item eg-no-hover \" data-eg-item-key=\"eg_item_dLmvnqxcpOnswjz\">\r\n        <div class=\"eg-masonary-padding\">\r\n        <div class=\"eg-overlay-wrapper\">\r\n\r\n            <a href=\"https:\/\/lia.life\/wp-content\/uploads\/2025\/12\/Candlelight-ABBA-vs.-QUEEN-Melos-Quartett-5.jpg\"\r\n               data-lightbox-type=\"pretty_photo\"\r\n               rel=\"prettyPhoto[gallery_3]\"\r\n               title=\"\"\r\n               data-item-type=\"image\"\r\n               data-index=\"3\"\r\n               data-total-items=\"12\"\r\n               >\r\n                <img decoding=\"async\" src=\"https:\/\/lia.life\/wp-content\/uploads\/2025\/12\/Candlelight-ABBA-vs.-QUEEN-Melos-Quartett-5.jpg\" alt=\"Candlelight ABBA vs. QUEEN , Melos Quartett (5)\"\/>\r\n            <\/a>\r\n            <div class=\"eg-mask\">\r\n                <div class=\"eg-inner-wrapper\">\r\n                    <div class=\"eg-content-holder\">\r\n        <\/div>                <\/div>\r\n                <span class=\"add\" style=\"display: none\">\r\n                    <i class=\"fa fa-plus\"><\/i>\r\n                <\/span>\r\n                            <\/div>\r\n            <div class=\"slider-overlay\"><\/div>\r\n                    <\/div>\r\n            <\/div>\r\n\r\n\r\n<\/div>\n                <div class=\"eg-each-item eg-no-hover \" data-eg-item-key=\"eg_item_r0R5LTYAKoKvkfF\">\r\n        <div class=\"eg-masonary-padding\">\r\n        <div class=\"eg-overlay-wrapper\">\r\n\r\n            <a href=\"https:\/\/lia.life\/wp-content\/uploads\/2025\/12\/Carte-Postale-Sharing-8.2.25-01.jpg\"\r\n               data-lightbox-type=\"pretty_photo\"\r\n               rel=\"prettyPhoto[gallery_3]\"\r\n               title=\"\"\r\n               data-item-type=\"image\"\r\n               data-index=\"4\"\r\n               data-total-items=\"12\"\r\n               >\r\n                <img decoding=\"async\" src=\"https:\/\/lia.life\/wp-content\/uploads\/2025\/12\/Carte-Postale-Sharing-8.2.25-01.jpg\" alt=\"Carte Postale Sharing 8.2.25 (01)\"\/>\r\n            <\/a>\r\n            <div class=\"eg-mask\">\r\n                <div class=\"eg-inner-wrapper\">\r\n                    <div class=\"eg-content-holder\">\r\n        <\/div>                <\/div>\r\n                <span class=\"add\" style=\"display: none\">\r\n                    <i class=\"fa fa-plus\"><\/i>\r\n                <\/span>\r\n                            <\/div>\r\n            <div class=\"slider-overlay\"><\/div>\r\n                    <\/div>\r\n            <\/div>\r\n\r\n\r\n<\/div>\n                <div class=\"eg-each-item eg-no-hover \" data-eg-item-key=\"eg_item_thVMxHvjQacpSET\">\r\n        <div class=\"eg-masonary-padding\">\r\n        <div class=\"eg-overlay-wrapper\">\r\n\r\n            <a href=\"https:\/\/lia.life\/wp-content\/uploads\/2025\/12\/Gartenfest-BabaDug-Blue-Reflection-2.jpg\"\r\n               data-lightbox-type=\"pretty_photo\"\r\n               rel=\"prettyPhoto[gallery_3]\"\r\n               title=\"\"\r\n               data-item-type=\"image\"\r\n               data-index=\"5\"\r\n               data-total-items=\"12\"\r\n               >\r\n                <img decoding=\"async\" src=\"https:\/\/lia.life\/wp-content\/uploads\/2025\/12\/Gartenfest-BabaDug-Blue-Reflection-2.jpg\" alt=\"Gartenfest BabaDug Blue Reflection (2)\"\/>\r\n            <\/a>\r\n            <div class=\"eg-mask\">\r\n                <div class=\"eg-inner-wrapper\">\r\n                    <div class=\"eg-content-holder\">\r\n        <\/div>                <\/div>\r\n                <span class=\"add\" style=\"display: none\">\r\n                    <i class=\"fa fa-plus\"><\/i>\r\n                <\/span>\r\n                            <\/div>\r\n            <div class=\"slider-overlay\"><\/div>\r\n                    <\/div>\r\n            <\/div>\r\n\r\n\r\n<\/div>\n                <div class=\"eg-each-item eg-no-hover \" data-eg-item-key=\"eg_item_BFenrgjr3jlcIDB\">\r\n        <div class=\"eg-masonary-padding\">\r\n        <div class=\"eg-overlay-wrapper\">\r\n\r\n            <a href=\"https:\/\/lia.life\/wp-content\/uploads\/2025\/12\/Gourmet-Hikers-Ag.-Ioannis-Pachnes-1.jpg\"\r\n               data-lightbox-type=\"pretty_photo\"\r\n               rel=\"prettyPhoto[gallery_3]\"\r\n               title=\"\"\r\n               data-item-type=\"image\"\r\n               data-index=\"6\"\r\n               data-total-items=\"12\"\r\n               >\r\n                <img decoding=\"async\" src=\"https:\/\/lia.life\/wp-content\/uploads\/2025\/12\/Gourmet-Hikers-Ag.-Ioannis-Pachnes-1.jpg\" alt=\"Gourmet Hikers Ag. Ioannis-Pachnes (1)\"\/>\r\n            <\/a>\r\n            <div class=\"eg-mask\">\r\n                <div class=\"eg-inner-wrapper\">\r\n                    <div class=\"eg-content-holder\">\r\n        <\/div>                <\/div>\r\n                <span class=\"add\" style=\"display: none\">\r\n                    <i class=\"fa fa-plus\"><\/i>\r\n                <\/span>\r\n                            <\/div>\r\n            <div class=\"slider-overlay\"><\/div>\r\n                    <\/div>\r\n            <\/div>\r\n\r\n\r\n<\/div>\n                <div class=\"eg-each-item eg-no-hover \" data-eg-item-key=\"eg_item_qGJQbKN2bjyZ5tx\">\r\n        <div class=\"eg-masonary-padding\">\r\n        <div class=\"eg-overlay-wrapper\">\r\n\r\n            <a href=\"https:\/\/lia.life\/wp-content\/uploads\/2025\/12\/Gourmet-Hikers-Pachnes-10.jpg\"\r\n               data-lightbox-type=\"pretty_photo\"\r\n               rel=\"prettyPhoto[gallery_3]\"\r\n               title=\"\"\r\n               data-item-type=\"image\"\r\n               data-index=\"7\"\r\n               data-total-items=\"12\"\r\n               >\r\n                <img decoding=\"async\" src=\"https:\/\/lia.life\/wp-content\/uploads\/2025\/12\/Gourmet-Hikers-Pachnes-10.jpg\" alt=\"Gourmet Hikers Pachnes (10)\"\/>\r\n            <\/a>\r\n            <div class=\"eg-mask\">\r\n                <div class=\"eg-inner-wrapper\">\r\n                    <div class=\"eg-content-holder\">\r\n        <\/div>                <\/div>\r\n                <span class=\"add\" style=\"display: none\">\r\n                    <i class=\"fa fa-plus\"><\/i>\r\n                <\/span>\r\n                            <\/div>\r\n            <div class=\"slider-overlay\"><\/div>\r\n                    <\/div>\r\n            <\/div>\r\n\r\n\r\n<\/div>\n                <div class=\"eg-each-item eg-no-hover \" data-eg-item-key=\"eg_item_oP42GTljSUUfjRK\">\r\n        <div class=\"eg-masonary-padding\">\r\n        <div class=\"eg-overlay-wrapper\">\r\n\r\n            <a href=\"https:\/\/lia.life\/wp-content\/uploads\/2025\/12\/Karnival-Rethymnon-9-scaled.jpg\"\r\n               data-lightbox-type=\"pretty_photo\"\r\n               rel=\"prettyPhoto[gallery_3]\"\r\n               title=\"\"\r\n               data-item-type=\"image\"\r\n               data-index=\"8\"\r\n               data-total-items=\"12\"\r\n               >\r\n                <img decoding=\"async\" src=\"https:\/\/lia.life\/wp-content\/uploads\/2025\/12\/Karnival-Rethymnon-9-scaled.jpg\" alt=\"Karnival Rethymnon (9)\"\/>\r\n            <\/a>\r\n            <div class=\"eg-mask\">\r\n                <div class=\"eg-inner-wrapper\">\r\n                    <div class=\"eg-content-holder\">\r\n        <\/div>                <\/div>\r\n                <span class=\"add\" style=\"display: none\">\r\n                    <i class=\"fa fa-plus\"><\/i>\r\n                <\/span>\r\n                            <\/div>\r\n            <div class=\"slider-overlay\"><\/div>\r\n                    <\/div>\r\n            <\/div>\r\n\r\n\r\n<\/div>\n                <div class=\"eg-each-item eg-no-hover \" data-eg-item-key=\"eg_item_mWmPIRLJyIBLuVg\">\r\n        <div class=\"eg-masonary-padding\">\r\n        <div class=\"eg-overlay-wrapper\">\r\n\r\n            <a href=\"https:\/\/lia.life\/wp-content\/uploads\/2025\/12\/Kournas-Lake-Rundwanderung-0325-36-scaled.jpg\"\r\n               data-lightbox-type=\"pretty_photo\"\r\n               rel=\"prettyPhoto[gallery_3]\"\r\n               title=\"\"\r\n               data-item-type=\"image\"\r\n               data-index=\"9\"\r\n               data-total-items=\"12\"\r\n               >\r\n                <img decoding=\"async\" src=\"https:\/\/lia.life\/wp-content\/uploads\/2025\/12\/Kournas-Lake-Rundwanderung-0325-36-scaled.jpg\" alt=\"Kournas Lake Rundwanderung 0325 (36)\"\/>\r\n            <\/a>\r\n            <div class=\"eg-mask\">\r\n                <div class=\"eg-inner-wrapper\">\r\n                    <div class=\"eg-content-holder\">\r\n        <\/div>                <\/div>\r\n                <span class=\"add\" style=\"display: none\">\r\n                    <i class=\"fa fa-plus\"><\/i>\r\n                <\/span>\r\n                            <\/div>\r\n            <div class=\"slider-overlay\"><\/div>\r\n                    <\/div>\r\n            <\/div>\r\n\r\n\r\n<\/div>\n                <div class=\"eg-each-item eg-no-hover \" data-eg-item-key=\"eg_item_925hE5wEVUyLlbY\">\r\n        <div class=\"eg-masonary-padding\">\r\n        <div class=\"eg-overlay-wrapper\">\r\n\r\n            <a href=\"https:\/\/lia.life\/wp-content\/uploads\/2025\/12\/M.-Manousaki-Aptera-Konzert-28-scaled.jpg\"\r\n               data-lightbox-type=\"pretty_photo\"\r\n               rel=\"prettyPhoto[gallery_3]\"\r\n               title=\"\"\r\n               data-item-type=\"image\"\r\n               data-index=\"10\"\r\n               data-total-items=\"12\"\r\n               >\r\n                <img decoding=\"async\" src=\"https:\/\/lia.life\/wp-content\/uploads\/2025\/12\/M.-Manousaki-Aptera-Konzert-28-scaled.jpg\" alt=\"M. Manousaki Aptera Konzert (28)\"\/>\r\n            <\/a>\r\n            <div class=\"eg-mask\">\r\n                <div class=\"eg-inner-wrapper\">\r\n                    <div class=\"eg-content-holder\">\r\n        <\/div>                <\/div>\r\n                <span class=\"add\" style=\"display: none\">\r\n                    <i class=\"fa fa-plus\"><\/i>\r\n                <\/span>\r\n                            <\/div>\r\n            <div class=\"slider-overlay\"><\/div>\r\n                    <\/div>\r\n            <\/div>\r\n\r\n\r\n<\/div>\n                <div class=\"eg-each-item eg-no-hover \" data-eg-item-key=\"eg_item_NGMeUmTEBn8tbdj\">\r\n        <div class=\"eg-masonary-padding\">\r\n        <div class=\"eg-overlay-wrapper\">\r\n\r\n            <a href=\"https:\/\/lia.life\/wp-content\/uploads\/2025\/12\/Sonnenuntergang-22.06.25-Kokkino-3.jpg\"\r\n               data-lightbox-type=\"pretty_photo\"\r\n               rel=\"prettyPhoto[gallery_3]\"\r\n               title=\"\"\r\n               data-item-type=\"image\"\r\n               data-index=\"11\"\r\n               data-total-items=\"12\"\r\n               >\r\n                <img decoding=\"async\" src=\"https:\/\/lia.life\/wp-content\/uploads\/2025\/12\/Sonnenuntergang-22.06.25-Kokkino-3.jpg\" alt=\"Sonnenuntergang 22.06.25 Kokkino (3)\"\/>\r\n            <\/a>\r\n            <div class=\"eg-mask\">\r\n                <div class=\"eg-inner-wrapper\">\r\n                    <div class=\"eg-content-holder\">\r\n        <\/div>                <\/div>\r\n                <span class=\"add\" style=\"display: none\">\r\n                    <i class=\"fa fa-plus\"><\/i>\r\n                <\/span>\r\n                            <\/div>\r\n            <div class=\"slider-overlay\"><\/div>\r\n                    <\/div>\r\n            <\/div>\r\n\r\n\r\n<\/div>\n                <div class=\"eg-each-item eg-no-hover \" data-eg-item-key=\"eg_item_e5tOSqNImsz8Ia9\">\r\n        <div class=\"eg-masonary-padding\">\r\n        <div class=\"eg-overlay-wrapper\">\r\n\r\n            <a href=\"https:\/\/lia.life\/wp-content\/uploads\/2025\/12\/Lichterfest-Gavalohori-7.12.25.jpg\"\r\n               data-lightbox-type=\"pretty_photo\"\r\n               rel=\"prettyPhoto[gallery_3]\"\r\n               title=\"\"\r\n               data-item-type=\"image\"\r\n               data-index=\"12\"\r\n               data-total-items=\"12\"\r\n               >\r\n                <img decoding=\"async\" src=\"https:\/\/lia.life\/wp-content\/uploads\/2025\/12\/Lichterfest-Gavalohori-7.12.25.jpg\" alt=\"Lichterfest Gavalohori 7.12.25\"\/>\r\n            <\/a>\r\n            <div class=\"eg-mask\">\r\n                <div class=\"eg-inner-wrapper\">\r\n                    <div class=\"eg-content-holder\">\r\n        <\/div>                <\/div>\r\n                <span class=\"add\" style=\"display: none\">\r\n                    <i class=\"fa fa-plus\"><\/i>\r\n                <\/span>\r\n                            <\/div>\r\n            <div class=\"slider-overlay\"><\/div>\r\n                    <\/div>\r\n            <\/div>\r\n\r\n\r\n<\/div>\n                        <\/div>\n        \n<\/div>\n\n\n\n\n\n\n<p>Lichterfest in Gavalohori 7.12.25<\/p>\n\n\n\n<p><strong>09.05.2025:<\/strong><\/p>\n\n\n\n<p>Gaby und Karl Heinz waren im M\u00e4rz &amp; April in Wien , um die dortige Situation von Betreutem&nbsp;Wohnen und Altenheimen zu erkunden.<\/p>\n\n\n\n<p>Folgende Sicht ergab sich f\u00fcr uns:<\/p>\n\n\n\n<p>Wien hat klasse&nbsp;Heime im Bereich betreutes Wohnen. Die Kosten liegen bei ca. 2000\u20ac f\u00fcr ein 30 m\u00b2 Apartment inkl. 5 Mahlzeiten. (1 Person)<\/p>\n\n\n\n<p>Das Essen wird in einer Gastst\u00e4tte im Haus eingenommen. Wir waren da als G\u00e4ste gerne willkommen.<\/p>\n\n\n\n<p>Der Wiener Sozialfond f\u00f6rdert diese Pl\u00e4tze, sodass nicht mehr als 80% der Pension\/Rente eingesetzt werden m\u00fcssen. Das Verm\u00f6gen wird nicht angetastet. Das gilt auch f\u00fcr Deutsche mit Wohnsitz in Wien.<\/p>\n\n\n\n<p>Trotz vieler&nbsp;positiver Aspekte haben wir die Idee, unser Alter in Wien zu verbringen, ad acta gelegt. Kreta ist viel sch\u00f6ner und wesentlich g\u00fcnstiger, auch was eventuell n\u00f6tige Pflege betrifft<\/p>\n\n\n\n<p><strong>Wir werden uns also wieder mehr der LIA Idee widmen.<\/strong><\/p>\n\n\n\n<hr class=\"wp-block-separator has-alpha-channel-opacity\"\/>\n\n\n\n<p>Hallo aus Gavalohori,<\/p>\n\n\n\n<p>wir w\u00fcnschen allen alten und neuen LIANEN ein gutes Neus Jahr mit Liebe, Gesundheit und Frieden.<br>Mittlerweile gibt es in Westkreta mehr als 100 deutschsprachige Mitb\u00fcrger, die sich in verschiedenen Gruppen immer wieder treffen: Stammtisch, Wandern, Kultur, private Feiern und sich gegenseitig helfen und unterst\u00fctzen.<br>So hatten wir an Hl. Abend ein Konzert mit Buffet und 30 Personen.<\/p>\n\n\n\n<figure class=\"wp-block-image size-large\"><img loading=\"lazy\" decoding=\"async\" width=\"768\" height=\"1024\" src=\"https:\/\/lia.life\/wp-content\/uploads\/2024\/12\/Christmas-24.12.-KH-G-768x1024.jpg\" alt=\"\" class=\"wp-image-494\" srcset=\"https:\/\/lia.life\/wp-content\/uploads\/2024\/12\/Christmas-24.12.-KH-G-768x1024.jpg 768w, https:\/\/lia.life\/wp-content\/uploads\/2024\/12\/Christmas-24.12.-KH-G-225x300.jpg 225w, https:\/\/lia.life\/wp-content\/uploads\/2024\/12\/Christmas-24.12.-KH-G-1152x1536.jpg 1152w, https:\/\/lia.life\/wp-content\/uploads\/2024\/12\/Christmas-24.12.-KH-G.jpg 1200w\" sizes=\"auto, (max-width: 768px) 85vw, 768px\" \/><\/figure>\n\n\n\n<p><br>Im Neuen Jahr starten wir am 2. Januar mit einer Wanderung, und am 4. Januar wird der Nussknacker von Tschaikowski in Chania aufgef\u00fchrt.<br>Ihr seht: man\/frau kann auf Kreta leben und ist nicht allein.<br>Ein gemeinsames Alterswohnprojekt ist noch immer in den K\u00f6pfen:<br>G\u00e4rten werden zu gross, die Entfernungen vom Land in die Stadt zu lang und und Krankheiten brauchen eine n\u00e4here, andere Versorgung.<\/p>\n\n\n\n<p>WIR arbeiten daran. Bis es soweit ist, vergr\u00f6ssern wir unsere Gemeinschaft, kn\u00fcpfen neue Kontakte und halten nach geeigneten Projekten Ausschau.<\/p>\n\n\n\n<p>KRETA lohnt sich.<\/p>\n\n\n\n<p>Alles Gute<\/p>\n\n\n\n<p>Karl Heinz &amp; Gabi &amp; die LIA Gruppe<\/p>\n\n\n\n<hr class=\"wp-block-separator has-alpha-channel-opacity\"\/>\n\n\n\n<p class=\"has-medium-font-size\"><strong><strong><mark style=\"background-color:rgba(0, 0, 0, 0)\" class=\"has-inline-color has-white-color\">LIA aktuell Dezember 23<\/mark><\/strong><\/strong>Wir w\u00fcnschen allen ein Frohes Fest und ein gesundes Neues Jahr.<\/p>\n\n\n\n<p>Das Jahr 23 war voller sch\u00f6ner Erlebnisse&nbsp;&nbsp;mit vielen Gleichgesinnten, die jetzt hier in der Gegend wohnen.<\/p>\n\n\n\n<p>Wir sind viel gewandert: durch Schluchten, auf den Pachnes, Rundwanderungen und auch mal gem\u00fctlicher durch die Landschaft, aber immer mit einem tollen Essen in einer Taverne als Abschluss.<\/p>\n\n\n\n<p>Wir haben Konzerte geh\u00f6rt, Museen besucht und die Insel erkundet.<\/p>\n\n\n\n<p>H\u00f6hepunkte waren sicherlich das Cretan Worldmusic Festival, das Chamber Music Concert im alten Amphitheater in Aptera, das neue Arch\u00e4ologische Museum in Chania und die Erkundung der Ag. Georgios Schlucht bei Mournies.<\/p>\n\n\n\n<p>Es gibt eine WhatsApp Gruppe, einen Newsletter und 1x im Monat trifft sich wer will beim Stammtisch.<\/p>\n\n\n\n<p>Nat\u00fcrlich ist Kreta auch kein Paradies. So gab es zeitweise Wasserprobleme, der M\u00fcll wird nicht regelm\u00e4ssig geleert und es gibt keinen&nbsp;&nbsp;Platz f\u00fcr Sperrm\u00fcll.<\/p>\n\n\n\n<p>So haben wir eine Protestaktion in Kokkiono Horio organisiert mit Kriti TV, Artikel in Zarpa News ver\u00f6ffentlicht, Briefe an die Gemeinde geschrieben und uns mit dem B\u00fcrgermeister getroffen.<\/p>\n\n\n\n<p>Wir werden in 24 sehen, ob etwas passiert.<\/p>\n\n\n\n<p>Aber wir machen weiter. Wir leben hier und machen mit.<\/p>\n\n\n\n<p>Das gemeinsame Wohnprojekt ist zwar in den Hintergrund ger\u00fcckt, aber nicht vergessen. Konzept und Pl\u00e4ne findet ihr u.a. im Download.<\/p>\n\n\n\n<p>Auch die Griechenlandzeitung hat das Thema Alters-WG schon aufgegriffen. Die Mieten werden immer teurer und viele k\u00f6nnen sich keine Wohnung mehr leisten:&nbsp;&nbsp;Die L\u00f6sung ist eine WG, wie es Studenten schon seit jeher machen. So kann man\/frau sich auch die Kosten f\u00fcr Personal und Betreung teilen. Und Gemeinschaft gibt es obendrein umsonst.<\/p>\n\n\n\n<p>Wir freuen uns \u00fcber Anregungen, euer Interesse und neue&nbsp;&nbsp;Bewohner hier in Apokoronas.<\/p>\n\n\n\n<p>Bis bald<\/p>\n\n\n\n<p>I.A. Karl Heinz<\/p>\n","protected":false},"excerpt":{"rendered":"<p>NEU 09.12.2025: Gavalohori, 09.12.25 Liebe Lianen und Ineressierte, Wir w\u00fcnschen euch allen ein sch\u00f6nes Weihnachtsfest und ein gesundes Neues Jahr.Dieses Jahr ging wieder so schnell vorbei.Voll mit Konzerten, Lesungen, Wanderungen und Ausfl\u00fcgen in kleiner oder gr\u00f6sserer Gemeinschaft.H\u00f6hepunkte waren f\u00fcr uns u.a. die Besteigung des Pachnes mit \u00dcbernachtung in AnopoliBoriano Schlucht Konzert in der Festung Koules &hellip; <a href=\"https:\/\/lia.life\/?page_id=32\" class=\"more-link\"><span class=\"screen-reader-text\">\u201eAktuelles\u201c <\/span>weiterlesen<\/a><\/p>\n","protected":false},"author":1,"featured_media":0,"parent":0,"menu_order":0,"comment_status":"closed","ping_status":"closed","template":"","meta":{"footnotes":""},"class_list":["post-32","page","type-page","status-publish","hentry"],"_links":{"self":[{"href":"https:\/\/lia.life\/index.php?rest_route=\/wp\/v2\/pages\/32","targetHints":{"allow":["GET"]}}],"collection":[{"href":"https:\/\/lia.life\/index.php?rest_route=\/wp\/v2\/pages"}],"about":[{"href":"https:\/\/lia.life\/index.php?rest_route=\/wp\/v2\/types\/page"}],"author":[{"embeddable":true,"href":"https:\/\/lia.life\/index.php?rest_route=\/wp\/v2\/users\/1"}],"replies":[{"embeddable":true,"href":"https:\/\/lia.life\/index.php?rest_route=%2Fwp%2Fv2%2Fcomments&post=32"}],"version-history":[{"count":48,"href":"https:\/\/lia.life\/index.php?rest_route=\/wp\/v2\/pages\/32\/revisions"}],"predecessor-version":[{"id":537,"href":"https:\/\/lia.life\/index.php?rest_route=\/wp\/v2\/pages\/32\/revisions\/537"}],"wp:attachment":[{"href":"https:\/\/lia.life\/index.php?rest_route=%2Fwp%2Fv2%2Fmedia&parent=32"}],"curies":[{"name":"wp","href":"https:\/\/api.w.org\/{rel}","templated":true}]}}