{"id":2,"date":"2019-08-15T09:23:40","date_gmt":"2019-08-15T09:23:40","guid":{"rendered":"https:\/\/lia.life\/?page_id=2"},"modified":"2022-01-12T19:59:33","modified_gmt":"2022-01-12T19:59:33","slug":"sample-page","status":"publish","type":"page","link":"https:\/\/lia.life\/?page_id=2","title":{"rendered":"Das Konzept"},"content":{"rendered":"\n<figure class=\"wp-block-image size-large\"><img loading=\"lazy\" decoding=\"async\" width=\"1024\" height=\"463\" src=\"https:\/\/lia.life\/wp-content\/uploads\/2021\/02\/WS-20140830-DSCF1789-e1614162564519-1024x463.jpg\" alt=\"\" class=\"wp-image-268\" srcset=\"https:\/\/lia.life\/wp-content\/uploads\/2021\/02\/WS-20140830-DSCF1789-e1614162564519-1024x463.jpg 1024w, https:\/\/lia.life\/wp-content\/uploads\/2021\/02\/WS-20140830-DSCF1789-e1614162564519-300x136.jpg 300w, https:\/\/lia.life\/wp-content\/uploads\/2021\/02\/WS-20140830-DSCF1789-e1614162564519-768x347.jpg 768w, https:\/\/lia.life\/wp-content\/uploads\/2021\/02\/WS-20140830-DSCF1789-e1614162564519-1536x694.jpg 1536w, https:\/\/lia.life\/wp-content\/uploads\/2021\/02\/WS-20140830-DSCF1789-e1614162564519-1200x543.jpg 1200w, https:\/\/lia.life\/wp-content\/uploads\/2021\/02\/WS-20140830-DSCF1789-e1614162564519.jpg 1920w\" sizes=\"auto, (max-width: 709px) 85vw, (max-width: 909px) 67vw, (max-width: 1362px) 62vw, 840px\" \/><\/figure>\n\n\n\n<p><strong>Kurz-Konzept LIA<\/strong><\/p>\n\n\n\n<p><strong>&gt;Idee:<\/strong><\/p>\n\n\n\n<p>Zusammen das Leben er-leben: seinen Hobbys, Interessen nachgehen, das Leben genie\u00dfen und sich gegenseitig unterst\u00fctzen, auch in hohem Alter<\/p>\n\n\n\n<p>Wer will, soll bis zum Lebensende bleiben k\u00f6nnen.<\/p>\n\n\n\n<p>Gemeinsames f\u00f6rdern \u2013 Individualit\u00e4t respektieren.<\/p>\n\n\n\n<p><em><strong>&gt;<\/strong><\/em><strong>Ziel:&nbsp;<\/strong><\/p>\n\n\n\n<p>Wir wollen f\u00fcr das Lebensalter unserer Mitglieder (50 plus) bezahlbaren, barrierefreien Wohnraum schaffen, um dort gemeinsam und aktiv unseren Lebensabend zu verbringen.<\/p>\n\n\n\n<p>Gemeinsamkeit, Betreuung und gegenseitige Hilfe sind oberstes Gebot.<\/p>\n\n\n\n<p>Aber immer mit gen\u00fcgend Raum f\u00fcr Individualit\u00e4t.<\/p>\n\n\n\n<p>Niemand soll wegen Pflegebed\u00fcrftigkeit ausziehen m\u00fcssen.<\/p>\n\n\n\n<p><strong>Motto: Alle f\u00fcr einen \u2013 einer f\u00fcr alle<\/strong><\/p>\n\n\n\n<p>Da dies in Deutschland nur schwer m\u00f6glich ist (Keine Grundst\u00fccke, hohe Preise), konzentrieren wir uns auf&nbsp;&nbsp;Kreta in Griechenland:<\/p>\n\n\n\n<p><strong>Projekt \u201eLIA- life\u201c in Kreta<\/strong><\/p>\n\n\n\n<p><strong>&gt;Ziele:<\/strong><\/p>\n\n\n\n<p>Gemeinsames Wohnen<\/p>\n\n\n\n<p>Zusammen das Alter aktiv genie\u00dfen<\/p>\n\n\n\n<p>Gegenseitige Hilfe<\/p>\n\n\n\n<p>Gemeinsam erleben statt einsam und allein<\/p>\n\n\n\n<p>Erbauen von bezahlbarem, barrierefreien Wohnraum auf Kreta<\/p>\n\n\n\n<p>Schaffung von Arbeitspl\u00e4tzen f\u00fcr Griechen<\/p>\n\n\n\n<p>Verbindung zum Dorf durch Veranstaltungen, Taverne, Teilnahme am Dorfleben\u2026<\/p>\n\n\n\n<p>Belebung des l\u00e4ndlichen Raumes<\/p>\n\n\n\n<p>Schutz der Region vor (touristischer) Zersiedelung<\/p>\n\n\n\n<p><strong>&gt;\u00d6kologie und Nachhaltigkeit<\/strong>:<\/p>\n\n\n\n<p>Reduzierung von Wohnraum \u2013 in Deutschland haben die Menschen \u00fcber 65 Jahren den gr\u00f6\u00dften Wohnraum, den sie gar nicht mehr brauchen, w\u00e4hrend die Jungen verzweifelt Wohnraum suchen.<\/p>\n\n\n\n<p>Teilen von Einrichtungen wie Waschmaschine, Auto, Fahrrad, Ger\u00e4te, Werkzeug\u2026<\/p>\n\n\n\n<p>Nutzung nat\u00fcrlicher Baumaterialien wie Lehm, Stein, Holz<\/p>\n\n\n\n<p>Nutzung von Wind- und Sonnenenergie<\/p>\n\n\n\n<p><strong>&gt;Teilnehmer, Bewohner:<\/strong><\/p>\n\n\n\n<p>Menschen \u00fcber 50 Jahre (Singles, Paare), die in einer Lebensgemeinschaft wohnen m\u00f6chten, die Zusammen \u2013 Sein erm\u00f6glicht, aber jedem seine Freiheit l\u00e4sst.<\/p>\n\n\n\n<p><strong>&gt;Wo?<\/strong><\/p>\n\n\n\n<p>Kreta\/GR: Region Chania, Apokoronas. Ein geeignetes Grundst\u00fcck haben wir schon gefunden (noch nicht gekauft), Alternativen werden gerade gpr\u00fcft.<\/p>\n\n\n\n<p>Eine generelle Bebaubarkeit der&nbsp;&nbsp;Grundst\u00fccke \u00fcber 400m\u00b2 ist die Bedingung.&nbsp;<\/p>\n\n\n\n<p>Die Grundst\u00fccke werden \/ sind vom Forstamt gepr\u00fcft, Unterlagen liegen vor.<\/p>\n\n\n\n<p><strong>&gt;Infrastruktur:<\/strong><\/p>\n\n\n\n<p>In einer \u201eDorfgemeinschaft\u201c,&nbsp; auf einem gro\u00dfen&nbsp; Grundst\u00fcck (ab. 2,000 m\u00b2 ), sollen ca. 5 H\u00e4user entstehen, die ca. 50 \u2013 80 m\u00b2 Nettowohnfl\u00e4che gro\u00df sind, geeignet f\u00fcr Singles, Paare und Wohngemeinschaften.<\/p>\n\n\n\n<p>Dazu kommt auf Wunsch eine Taverne mit Laden als Treffpunkt und G\u00e4ste- bzw. Pflegezimmer.<\/p>\n\n\n\n<p>Pool &amp; Wirkst\u00e4tten<\/p>\n\n\n\n<p>Fl\u00e4chen im Freien&nbsp;&nbsp;&nbsp;f\u00fcr Yoga, Gymnastik, Musik usw. ( wenn m\u00f6glich )<\/p>\n\n\n\n<p>Nutz- und Wildgarten<\/p>\n\n\n\n<p>Haus &#8211; Tiere<\/p>\n\n\n\n<p><strong>&gt;Ausstattung<\/strong>&nbsp;( \u00f6konomisch, \u00f6kologisch )<\/p>\n\n\n\n<p>Die H\u00e4user sollen energieautark sein (Solar- und Windenergie) und mit Fu\u00dfbodenheizung\/W\u00e4rmepumpe ausgestattet.<\/p>\n\n\n\n<p>Carsharing ist geplant, um motorisierten Verkehr zu beschr\u00e4nken. Wir setzen langfristig auf&nbsp; Elektro-Mobilit\u00e4t.<\/p>\n\n\n\n<p>Wir stehen in Kontakt zu verschiedenen Firmen, die entsprechende Fertigh\u00e4user anbieten, haben Kontakt zu Baufirmen, Architekten und Bauingenieuren.<\/p>\n\n\n\n<p>Materialien f\u00fcr die H\u00e4user k\u00f6nnten Stein, Holz und Lehm\/Stroh sein.<\/p>\n\n\n\n<p>Alle H\u00e4user und Einrichtungen werden&nbsp; altersgerecht und barrierefrei sein.<\/p>\n\n\n\n<p><strong>&gt;Bet\u00e4tigungsm\u00f6glichkeiten, Aktivit\u00e4ten<\/strong><\/p>\n\n\n\n<p>Tavernen-Betrieb f\u00fcr Bewohner (evtl.&nbsp; auch f\u00fcr Au\u00dfenstehende)<br>Veranstaltungen, Seminare<br>Wandern, Wassersport<br>Pflegen von Gemeinsamkeit&nbsp;<br>Yoga, Tanzen, Gymnastik, Boule spielen<br>Schreiben, Musizieren&nbsp;<br>Kochen, Backen<br>Tischlern, Weben auf dem Webstuhl<br>Gemeinsame Oliven-Ernte und \u00d6l-Produktion<br>Wein-Lese und Wein-Produktion, Br\u00e4nde destillieren<br>Imkerei<br>Bierbrauen<br>Betreuung und Pflege<br>uvm.<\/p>\n\n\n\n<p><strong>&gt; Gesellschaftsform<\/strong>:<\/p>\n\n\n\n<p>Wir wollen eine IKE bzw. Baugemeinschaft ( GbR ) in GR gr\u00fcnden, die das Projekt initiiert, vorantreibt, das Grundst\u00fcck erwirbt und als Bautr\u00e4ger firmiert.<\/p>\n\n\n\n<p>Die H\u00e4user (Immobilien) sollen&nbsp; Eigentum der Gesellschaft&nbsp; sein, um Immobilienspekulation Einzelner zu verhindern.&nbsp;<\/p>\n\n\n\n<p>Ver\u00e4u\u00dferbar sind also nur Gesellschaftsanteile, Nutzungsrechte, keine Immobilien.<\/p>\n\n\n\n<p>Alle Bewohner werden Nutzer sein. Die H\u00f6he der Nutzungsgeb\u00fchr wird sich nach dem einbezahlten Kapitalanteil richten.<\/p>\n\n\n\n<p><strong>&gt;Kosten:<\/strong><\/p>\n\n\n\n<p>Orts\u00fcbliche Miete plus Nebenkosten. Die Miete enth\u00e4lt einen Anteil f\u00fcr die Gemeinschaftsr\u00e4ume. In den Nebenkosten ist die Verwaltung und Betreuung der Immobilien enthalten.<\/p>\n\n\n\n<p>Baukosten liegen bei ca. 1500\u20ac\/m\u00b2 Wohnfl\u00e4che (Bruttowohnfl\u00e4che)<\/p>\n\n\n\n<p>Grundst\u00fcck: ab. 100 Tsd. \u20ac plus ca. 10% Erwerbskosten = 110 Tsd. \u20ac<\/p>\n\n\n\n<p>Infrastruktur: ab. 50.000 Tsd. \u20ac<\/p>\n\n\n\n<p>Projektkosten gesamt: ab. 0,8 Millionen \u20ac ( bei 5 H\u00e4usern, 400 m\u00b2 Wohnfl\u00e4che )<\/p>\n\n\n\n<p><strong>&gt;Finanzierung<\/strong>:<\/p>\n\n\n\n<p>Ausschlieslich \u00fcber Eigenkapital.<\/p>\n\n\n\n<p>&nbsp;Wer kann und will kann auf seine Immobilie in D. einen g\u00fcnstigen Kredit aufnehmen.<\/p>\n\n\n\n<p>Die Kreditbedingungen in GR sind so schlecht ( ca. 3 % Zinsen und 10%&nbsp;&nbsp;Tlgung pro Jahr), so da\u00df wir da nicht ranwollen.<\/p>\n\n\n\n<p>Gelder aus Vermietung: freie H\u00e4user werden als Ferienwohnungen&nbsp;&nbsp;vermietet.&nbsp;<\/p>\n\n\n\n<p><strong>&nbsp;&gt;Gesundheit<\/strong>:<\/p>\n\n\n\n<p>In Chania gibt es deutsch sprechende Fach\u00e4rzte und Kliniken sowie eine Rehaklinik mit deutsch sprechenden \u00c4rzten.&nbsp;<\/p>\n\n\n\n<p>Das Gesundheitszentrum Vamos (mit Krankenwagen)&nbsp; ist wenige Min. mit dem Auto entfernt.<\/p>\n\n\n\n<p>Pflegebed\u00fcrftige Deutsche k\u00f6nnen einen Zuschuss aus ihrer Pflegekasse erhalten. (Pflegegeld)<\/p>\n\n\n\n<p><strong>&gt;WANN:&nbsp;<\/strong><\/p>\n\n\n\n<p>Planung seit April 2018,&nbsp;&nbsp;<\/p>\n\n\n\n<p>Einzug ab 2023\/24&nbsp;<\/p>\n\n\n\n<p>Planung ist abgeschlossen, \u00c4nderungen m\u00f6glich.<\/p>\n\n\n\n<p>Eine Anwaltskanzlei in Thessaloniki kann&nbsp;&nbsp;uns bei der Umsetzung begleiten und alle Formalit\u00e4ten erledigen<\/p>\n\n\n\n<p>Bauplanung kann sofort nach Kauf eines Grundst\u00fccks beginnen.<\/p>\n\n\n\n<p>Inzwischen hat sich eine tatkr\u00e4ftige Kerngruppe herausgebildet. Wir wollen nun zur Tat schreiten und ein Grundst\u00fcck kaufen.<\/p>\n\n\n\n<p>N\u00e4chstes Treffen in Kreta: 25.2. \u2013 01.3.22<\/p>\n\n\n\n<p><strong><a href=\"https:\/\/lia.life\/?page_id=28\">>Kontakt\/Infos<\/a><\/strong> \u00fcber das Kontaktformular auf dieser Website<\/p>\n\n\n\n<p>Karl Heinz Babatschek<\/p>\n\n\n\n<p>Info at kaliterra.com<\/p>\n","protected":false},"excerpt":{"rendered":"<p>Kurz-Konzept LIA &gt;Idee: Zusammen das Leben er-leben: seinen Hobbys, Interessen nachgehen, das Leben genie\u00dfen und sich gegenseitig unterst\u00fctzen, auch in hohem Alter Wer will, soll bis zum Lebensende bleiben k\u00f6nnen. Gemeinsames f\u00f6rdern \u2013 Individualit\u00e4t respektieren. &gt;Ziel:&nbsp; Wir wollen f\u00fcr das Lebensalter unserer Mitglieder (50 plus) bezahlbaren, barrierefreien Wohnraum schaffen, um dort gemeinsam und aktiv unseren &hellip; <a href=\"https:\/\/lia.life\/?page_id=2\" class=\"more-link\"><span class=\"screen-reader-text\">\u201eDas Konzept\u201c <\/span>weiterlesen<\/a><\/p>\n","protected":false},"author":1,"featured_media":0,"parent":0,"menu_order":0,"comment_status":"closed","ping_status":"open","template":"","meta":{"footnotes":""},"class_list":["post-2","page","type-page","status-publish","hentry"],"_links":{"self":[{"href":"https:\/\/lia.life\/index.php?rest_route=\/wp\/v2\/pages\/2","targetHints":{"allow":["GET"]}}],"collection":[{"href":"https:\/\/lia.life\/index.php?rest_route=\/wp\/v2\/pages"}],"about":[{"href":"https:\/\/lia.life\/index.php?rest_route=\/wp\/v2\/types\/page"}],"author":[{"embeddable":true,"href":"https:\/\/lia.life\/index.php?rest_route=\/wp\/v2\/users\/1"}],"replies":[{"embeddable":true,"href":"https:\/\/lia.life\/index.php?rest_route=%2Fwp%2Fv2%2Fcomments&post=2"}],"version-history":[{"count":13,"href":"https:\/\/lia.life\/index.php?rest_route=\/wp\/v2\/pages\/2\/revisions"}],"predecessor-version":[{"id":424,"href":"https:\/\/lia.life\/index.php?rest_route=\/wp\/v2\/pages\/2\/revisions\/424"}],"wp:attachment":[{"href":"https:\/\/lia.life\/index.php?rest_route=%2Fwp%2Fv2%2Fmedia&parent=2"}],"curies":[{"name":"wp","href":"https:\/\/api.w.org\/{rel}","templated":true}]}}